{"id":1442,"date":"2023-07-23T18:23:44","date_gmt":"2023-07-23T16:23:44","guid":{"rendered":"http:\/\/nowebhere.com\/?post_type=product&#038;p=1442"},"modified":"2023-07-23T18:23:48","modified_gmt":"2023-07-23T16:23:48","slug":"filtr-diskovy-1%e2%80%b3-pn6","status":"publish","type":"product","link":"https:\/\/nowebhere.com\/?product=filtr-diskovy-1%e2%80%b3-pn6","title":{"rendered":"Filtr diskov\u00fd 1\u2033 PN6"},"content":{"rendered":"<p>[et_pb_section fb_built=&#8220;1&#8243; _builder_version=&#8220;3.22&#8243; custom_padding=&#8220;0px||||false|false&#8220; locked=&#8220;off&#8220; global_colors_info=&#8220;{}&#8220;][et_pb_row _builder_version=&#8220;3.25&#8243; background_size=&#8220;initial&#8220; background_position=&#8220;top_left&#8220; background_repeat=&#8220;repeat&#8220; width=&#8220;100%&#8220; custom_padding=&#8220;0px||0px||false|false&#8220; global_colors_info=&#8220;{}&#8220;][et_pb_column type=&#8220;4_4&#8243; _builder_version=&#8220;3.25&#8243; custom_padding=&#8220;|||&#8220; global_colors_info=&#8220;{}&#8220; custom_padding__hover=&#8220;|||&#8220;][et_pb_wc_breadcrumb breadcrumb_home_text=&#8220;Obchod&#8220; breadcrumb_home_url=&#8220;www.ukapovka.cz\/obchod\/&#8220; _builder_version=&#8220;4.14.7&#8243; global_colors_info=&#8220;{}&#8220;][\/et_pb_wc_breadcrumb][et_pb_wc_cart_notice global_colors_info=&#8220;{}&#8220;][\/et_pb_wc_cart_notice][\/et_pb_column][\/et_pb_row][et_pb_row column_structure=&#8220;1_2,1_2&#8243; _builder_version=&#8220;3.25&#8243; background_size=&#8220;initial&#8220; background_position=&#8220;top_left&#8220; background_repeat=&#8220;repeat&#8220; width=&#8220;100%&#8220; custom_padding=&#8220;0px||||false|false&#8220; global_colors_info=&#8220;{}&#8220;][et_pb_column type=&#8220;1_2&#8243; _builder_version=&#8220;3.25&#8243; custom_padding=&#8220;|||&#8220; global_colors_info=&#8220;{}&#8220; custom_padding__hover=&#8220;|||&#8220;][et_pb_wc_images _builder_version=&#8220;3.0.47&#8243; global_colors_info=&#8220;{}&#8220;][\/et_pb_wc_images][\/et_pb_column][et_pb_column type=&#8220;1_2&#8243; _builder_version=&#8220;3.25&#8243; custom_padding=&#8220;|||&#8220; global_colors_info=&#8220;{}&#8220; custom_padding__hover=&#8220;|||&#8220;][et_pb_wc_title _builder_version=&#8220;4.14.7&#8243; header_font=&#8220;|800|||||||&#8220; custom_padding=&#8220;||14px|||&#8220; global_colors_info=&#8220;{}&#8220;][\/et_pb_wc_title][et_pb_wc_rating _builder_version=&#8220;3.0.47&#8243; global_colors_info=&#8220;{}&#8220;][\/et_pb_wc_rating][et_pb_wc_price _builder_version=&#8220;4.14.7&#8243; body_font=&#8220;|600|||||||&#8220; custom_padding=&#8220;||10px|||&#8220; global_colors_info=&#8220;{}&#8220;][\/et_pb_wc_price][et_pb_wc_description _builder_version=&#8220;3.0.47&#8243; global_colors_info=&#8220;{}&#8220;][\/et_pb_wc_description][et_pb_wc_add_to_cart _builder_version=&#8220;4.14.7&#8243; dropdown_menus_custom_margin=&#8220;13px||||false|false&#8220; fields_font_size=&#8220;19px&#8220; width=&#8220;74%&#8220; global_colors_info=&#8220;{}&#8220;][\/et_pb_wc_add_to_cart][et_pb_wc_meta _builder_version=&#8220;3.0.47&#8243; global_colors_info=&#8220;{}&#8220;][\/et_pb_wc_meta][\/et_pb_column][\/et_pb_row][et_pb_row _builder_version=&#8220;3.25&#8243; background_size=&#8220;initial&#8220; background_position=&#8220;top_left&#8220; background_repeat=&#8220;repeat&#8220; width=&#8220;100%&#8220; global_colors_info=&#8220;{}&#8220;][et_pb_column type=&#8220;4_4&#8243; _builder_version=&#8220;3.25&#8243; custom_padding=&#8220;|||&#8220; global_colors_info=&#8220;{}&#8220; custom_padding__hover=&#8220;|||&#8220;][et_pb_wc_tabs _builder_version=&#8220;3.0.47&#8243; global_colors_info=&#8220;{}&#8220;]\t\t\t\t\t[\/et_pb_wc_tabs][et_pb_wc_upsells _builder_version=&#8220;3.0.47&#8243; global_colors_info=&#8220;{}&#8220;][\/et_pb_wc_upsells][et_pb_wc_related_products posts_number=&#8220;4&#8243; columns_number=&#8220;4&#8243; include_categories=&#8220;all&#8220; _builder_version=&#8220;4.14.7&#8243; title_font=&#8220;|600|||||||&#8220; title_text_color=&#8220;#032e54&#8243; title_font_size=&#8220;32px&#8220; product_title_font=&#8220;|700|||||||&#8220; price_font=&#8220;|700|||||||&#8220; price_text_color=&#8220;#3874FF&#8220; price_font_size=&#8220;19px&#8220; title_text_shadow_style=&#8220;preset1&#8243; border_radii_image=&#8220;on|17px|17px|17px|17px&#8220; box_shadow_style_image=&#8220;preset1&#8243; box_shadow_spread_image=&#8220;-8px&#8220; global_colors_info=&#8220;{}&#8220;][\/et_pb_wc_related_products][\/et_pb_column][\/et_pb_row][\/et_pb_section]<\/p>\n","protected":false},"excerpt":{"rendered":"<h3>Filtr diskov\u00fd 1&#8243; PN 6<\/h3>\n<p>Diskov\u00fd filtr slou\u017e\u00ed k zachycen\u00ed jemn\u00fdch mechanick\u00fdch ne\u010distot obsa\u017een\u00fdch ve zdroji vody pro z\u00e1vlahov\u00fd syst\u00e9m. Obvykl\u00e9 pou\u017eit\u00ed filtr\u016f \u00a0je u mal\u00fdch zahradn\u00edch syst\u00e9m\u016f napojen\u00fdch na studnu, atd.<br \/>\nNen\u00ed ur\u010den pro domovn\u00ed tlakov\u00e9 rozvody pitn\u00e9 vody a pro siln\u011b zne\u010di\u0161t\u011bn\u00e9 zdroje vody.<\/p>\n<ul>\n<li>Filtr tak\u00e9 nen\u00ed ur\u010den pro instalaci do interi\u00e9ru<\/li>\n<li>\u00a0Filtr je dod\u00e1v\u00e1n standardn\u011b s diskovou filtra\u010dn\u00ed vlo\u017eku 120 mesh<\/li>\n<li>P\u0159ipojovac\u00ed z\u00e1vit 1&#8243; vn\u011bj\u0161\u00ed<\/li>\n<li>Tlakov\u00e1 odolnost PN 6<\/li>\n<li>Jemnost diskov\u00e9 filtra\u010dn\u00ed vlo\u017eky 120 mesh.<\/li>\n<\/ul>\n","protected":false},"featured_media":1327,"comment_status":"closed","ping_status":"closed","template":"","meta":[],"product_cat":[28],"product_tag":[],"class_list":{"0":"post-1442","1":"product","2":"type-product","3":"status-publish","4":"has-post-thumbnail","6":"product_cat-komponenty","8":"first","9":"instock","10":"featured","11":"shipping-taxable","12":"purchasable","13":"product-type-simple"},"_links":{"self":[{"href":"https:\/\/nowebhere.com\/index.php?rest_route=\/wp\/v2\/product\/1442","targetHints":{"allow":["GET"]}}],"collection":[{"href":"https:\/\/nowebhere.com\/index.php?rest_route=\/wp\/v2\/product"}],"about":[{"href":"https:\/\/nowebhere.com\/index.php?rest_route=\/wp\/v2\/types\/product"}],"replies":[{"embeddable":true,"href":"https:\/\/nowebhere.com\/index.php?rest_route=%2Fwp%2Fv2%2Fcomments&post=1442"}],"wp:featuredmedia":[{"embeddable":true,"href":"https:\/\/nowebhere.com\/index.php?rest_route=\/wp\/v2\/media\/1327"}],"wp:attachment":[{"href":"https:\/\/nowebhere.com\/index.php?rest_route=%2Fwp%2Fv2%2Fmedia&parent=1442"}],"wp:term":[{"taxonomy":"product_cat","embeddable":true,"href":"https:\/\/nowebhere.com\/index.php?rest_route=%2Fwp%2Fv2%2Fproduct_cat&post=1442"},{"taxonomy":"product_tag","embeddable":true,"href":"https:\/\/nowebhere.com\/index.php?rest_route=%2Fwp%2Fv2%2Fproduct_tag&post=1442"}],"curies":[{"name":"wp","href":"https:\/\/api.w.org\/{rel}","templated":true}]}}