{"id":1310,"date":"2023-07-23T18:22:56","date_gmt":"2023-07-23T16:22:56","guid":{"rendered":"http:\/\/nowebhere.com\/?post_type=product&#038;p=1310"},"modified":"2023-07-23T18:23:20","modified_gmt":"2023-07-23T16:23:20","slug":"zavlahovy-balicek-smart","status":"publish","type":"product","link":"https:\/\/nowebhere.com\/?product=zavlahovy-balicek-smart","title":{"rendered":"Z\u00e1vlahov\u00fd bal\u00ed\u010dek smart"},"content":{"rendered":"<p>[et_pb_section fb_built=&#8220;1&#8243; _builder_version=&#8220;4.16&#8243; custom_padding=&#8220;0px||||false|false&#8220; locked=&#8220;off&#8220; global_colors_info=&#8220;{}&#8220;][et_pb_row _builder_version=&#8220;4.16&#8243; background_size=&#8220;initial&#8220; background_position=&#8220;top_left&#8220; background_repeat=&#8220;repeat&#8220; width=&#8220;100%&#8220; custom_padding=&#8220;0px||0px||false|false&#8220; global_colors_info=&#8220;{}&#8220;][et_pb_column type=&#8220;4_4&#8243; _builder_version=&#8220;4.16&#8243; custom_padding=&#8220;|||&#8220; global_colors_info=&#8220;{}&#8220; custom_padding__hover=&#8220;|||&#8220;][et_pb_wc_breadcrumb breadcrumb_home_text=&#8220;Obchod&#8220; breadcrumb_home_url=&#8220;www.ukapovka.cz\/obchod\/&#8220; _builder_version=&#8220;4.16&#8243; global_colors_info=&#8220;{}&#8220;][\/et_pb_wc_breadcrumb][et_pb_wc_cart_notice _builder_version=&#8220;4.16&#8243; global_colors_info=&#8220;{}&#8220;][\/et_pb_wc_cart_notice][\/et_pb_column][\/et_pb_row][et_pb_row column_structure=&#8220;1_2,1_2&#8243; _builder_version=&#8220;4.16&#8243; background_size=&#8220;initial&#8220; background_position=&#8220;top_left&#8220; background_repeat=&#8220;repeat&#8220; width=&#8220;100%&#8220; custom_padding=&#8220;0px||||false|false&#8220; global_colors_info=&#8220;{}&#8220;][et_pb_column type=&#8220;1_2&#8243; _builder_version=&#8220;4.16&#8243; custom_padding=&#8220;|||&#8220; global_colors_info=&#8220;{}&#8220; custom_padding__hover=&#8220;|||&#8220;][et_pb_wc_images _builder_version=&#8220;4.16&#8243; global_colors_info=&#8220;{}&#8220;][\/et_pb_wc_images][\/et_pb_column][et_pb_column type=&#8220;1_2&#8243; _builder_version=&#8220;4.16&#8243; custom_padding=&#8220;|||&#8220; global_colors_info=&#8220;{}&#8220; custom_padding__hover=&#8220;|||&#8220;][et_pb_wc_title _builder_version=&#8220;4.16&#8243; header_font=&#8220;|800|||||||&#8220; custom_padding=&#8220;||14px|||&#8220; global_colors_info=&#8220;{}&#8220;][\/et_pb_wc_title][et_pb_wc_rating _builder_version=&#8220;4.16&#8243; global_colors_info=&#8220;{}&#8220;][\/et_pb_wc_rating][et_pb_wc_price _builder_version=&#8220;4.16&#8243; body_font=&#8220;|600|||||||&#8220; custom_padding=&#8220;||10px|||&#8220; global_colors_info=&#8220;{}&#8220;][\/et_pb_wc_price][et_pb_wc_description _builder_version=&#8220;4.16&#8243; global_colors_info=&#8220;{}&#8220;][\/et_pb_wc_description][et_pb_wc_add_to_cart _builder_version=&#8220;4.16&#8243; dropdown_menus_custom_margin=&#8220;13px||||false|false&#8220; fields_font_size=&#8220;19px&#8220; width=&#8220;74%&#8220; global_colors_info=&#8220;{}&#8220;][\/et_pb_wc_add_to_cart][et_pb_wc_meta _builder_version=&#8220;4.16&#8243; global_colors_info=&#8220;{}&#8220;][\/et_pb_wc_meta][\/et_pb_column][\/et_pb_row][et_pb_row _builder_version=&#8220;4.16&#8243; background_size=&#8220;initial&#8220; background_position=&#8220;top_left&#8220; background_repeat=&#8220;repeat&#8220; width=&#8220;100%&#8220; global_colors_info=&#8220;{}&#8220;][et_pb_column type=&#8220;4_4&#8243; _builder_version=&#8220;4.16&#8243; custom_padding=&#8220;|||&#8220; global_colors_info=&#8220;{}&#8220; custom_padding__hover=&#8220;|||&#8220;][et_pb_wc_tabs _builder_version=&#8220;4.16&#8243; global_colors_info=&#8220;{}&#8220;]\t\t\t\t\t[\/et_pb_wc_tabs][et_pb_wc_upsells _builder_version=&#8220;4.16&#8243; global_colors_info=&#8220;{}&#8220;][\/et_pb_wc_upsells][et_pb_wc_related_products posts_number=&#8220;4&#8243; columns_number=&#8220;4&#8243; include_categories=&#8220;all&#8220; _builder_version=&#8220;4.16&#8243; title_font=&#8220;|600|||||||&#8220; title_text_color=&#8220;#032e54&#8243; title_font_size=&#8220;32px&#8220; product_title_font=&#8220;|700|||||||&#8220; price_font=&#8220;|700|||||||&#8220; price_text_color=&#8220;#3874FF&#8220; price_font_size=&#8220;19px&#8220; title_text_shadow_style=&#8220;preset1&#8243; border_radii_image=&#8220;on|17px|17px|17px|17px&#8220; box_shadow_style_image=&#8220;preset1&#8243; box_shadow_spread_image=&#8220;-8px&#8220; global_colors_info=&#8220;{}&#8220;][\/et_pb_wc_related_products][\/et_pb_column][\/et_pb_row][\/et_pb_section]<\/p>\n","protected":false},"excerpt":{"rendered":"<p>Smart bal\u00ed\u010dek pro sestaven\u00ed kapkov\u00e9 z\u00e1vlahy je ide\u00e1ln\u00ed pro z\u00e1kazn\u00edky, kte\u0159\u00ed necht\u011bj\u00ed myslet na pravideln\u00e9 zavla\u017eov\u00e1n\u00ed sv\u00fdch zahr\u00e1dek.<br \/>\n\u010casova\u010d, kter\u00fd je sou\u010d\u00e1st\u00ed bal\u00ed\u010dku, otev\u00edr\u00e1 a zav\u00edr\u00e1 pr\u016ftok vody i p\u0159i nulov\u00e9m pr\u016ftoku, t\u00edm p\u00e1dem je bal\u00ed\u010dek\u00a0vhodn\u00fd i pro mal\u00e9 syst\u00e9my s minim\u00e1ln\u00edm tlakem vody (samosp\u00e1d z vyv\u00fd\u0161en\u00e9 n\u00e1dr\u017ee)<br \/>\nHod\u00ed se pro vyu\u017eit\u00ed na zahrad\u00e1ch, ve velk\u00fdch sklen\u00edc\u00edch, pro ovocn\u00e9 sady, vinice a z\u00e1hony kv\u011btin \u010di okrasn\u00fdch d\u0159evin.<\/p>\n<p>&nbsp;<\/p>\n<h4><strong>Bal\u00ed\u010dek obsahuje<\/strong><\/h4>\n<ul>\n<li>1x 50 m kapkov\u00e9 hadice (rozte\u010d 33cm, bez kompenzace)<\/li>\n<li>1x 10 m p\u0159\u00edvodn\u00ed hadice<\/li>\n<li>1x \u010dasova\u010d<\/li>\n<li>1x P\u0159echodka z rychlospojky na 1&#8243;<\/li>\n<li>1x regul\u00e1tor tlaku 2 bary<\/li>\n<li>1x s\u00edtkov\u00fd filtr 3\/4&#8243;<\/li>\n<li>1x p\u0159echodka z regul\u00e1toru na 16 mm hadici<\/li>\n<li>12x T-kus nastrk\u00e1vac\u00ed 16mm<\/li>\n<li>4x koleno nastrk\u00e1vac\u00ed 16mm<\/li>\n<li>16x z\u00e1tka nastrk\u00e1vac\u00ed 16mm<\/li>\n<li>50x kol\u00edk<\/li>\n<li>1x teflonov\u00e1 t\u011bsn\u00edc\u00ed p\u00e1ska<\/li>\n<li>45x obj\u00edmka sv\u011brn\u00e1<\/li>\n<\/ul>\n<div class=\"et_pb_row et_pb_row_17 zustantri et_pb_equal_columns et_pb_gutters1\">\n<div class=\"et_pb_with_border et_pb_column_1_3 et_pb_column et_pb_column_46 et_pb_css_mix_blend_mode_passthrough et-last-child\">\n<div class=\"et_pb_module et_pb_text et_pb_text_45 et_pb_text_align_left et_pb_bg_layout_light\">\n<div class=\"et_pb_text_inner\"><\/div>\n<\/div>\n<\/div>\n<\/div>\n","protected":false},"featured_media":1333,"comment_status":"closed","ping_status":"closed","template":"","meta":[],"product_cat":[29],"product_tag":[],"class_list":{"0":"post-1310","1":"product","2":"type-product","3":"status-publish","4":"has-post-thumbnail","6":"product_cat-zavlahove-balicky","8":"first","9":"instock","10":"featured","11":"shipping-taxable","12":"purchasable","13":"product-type-simple"},"_links":{"self":[{"href":"https:\/\/nowebhere.com\/index.php?rest_route=\/wp\/v2\/product\/1310","targetHints":{"allow":["GET"]}}],"collection":[{"href":"https:\/\/nowebhere.com\/index.php?rest_route=\/wp\/v2\/product"}],"about":[{"href":"https:\/\/nowebhere.com\/index.php?rest_route=\/wp\/v2\/types\/product"}],"replies":[{"embeddable":true,"href":"https:\/\/nowebhere.com\/index.php?rest_route=%2Fwp%2Fv2%2Fcomments&post=1310"}],"wp:featuredmedia":[{"embeddable":true,"href":"https:\/\/nowebhere.com\/index.php?rest_route=\/wp\/v2\/media\/1333"}],"wp:attachment":[{"href":"https:\/\/nowebhere.com\/index.php?rest_route=%2Fwp%2Fv2%2Fmedia&parent=1310"}],"wp:term":[{"taxonomy":"product_cat","embeddable":true,"href":"https:\/\/nowebhere.com\/index.php?rest_route=%2Fwp%2Fv2%2Fproduct_cat&post=1310"},{"taxonomy":"product_tag","embeddable":true,"href":"https:\/\/nowebhere.com\/index.php?rest_route=%2Fwp%2Fv2%2Fproduct_tag&post=1310"}],"curies":[{"name":"wp","href":"https:\/\/api.w.org\/{rel}","templated":true}]}}