{"id":1300,"date":"2023-07-23T18:22:54","date_gmt":"2023-07-23T16:22:54","guid":{"rendered":"http:\/\/nowebhere.com\/?post_type=product&#038;p=1300"},"modified":"2023-07-23T18:23:04","modified_gmt":"2023-07-23T16:23:04","slug":"filtr-3-4%e2%80%b3","status":"publish","type":"product","link":"https:\/\/nowebhere.com\/?product=filtr-3-4%e2%80%b3","title":{"rendered":"Filtr 3\/4\u2033"},"content":{"rendered":"<p>[et_pb_section fb_built=&#8220;1&#8243; _builder_version=&#8220;3.22&#8243; custom_padding=&#8220;0px||||false|false&#8220; locked=&#8220;off&#8220; global_colors_info=&#8220;{}&#8220;][et_pb_row _builder_version=&#8220;3.25&#8243; background_size=&#8220;initial&#8220; background_position=&#8220;top_left&#8220; background_repeat=&#8220;repeat&#8220; width=&#8220;100%&#8220; custom_padding=&#8220;0px||0px||false|false&#8220; global_colors_info=&#8220;{}&#8220;][et_pb_column type=&#8220;4_4&#8243; _builder_version=&#8220;3.25&#8243; custom_padding=&#8220;|||&#8220; global_colors_info=&#8220;{}&#8220; custom_padding__hover=&#8220;|||&#8220;][et_pb_wc_breadcrumb breadcrumb_home_text=&#8220;Obchod&#8220; breadcrumb_home_url=&#8220;www.ukapovka.cz\/obchod\/&#8220; _builder_version=&#8220;4.14.7&#8243; global_colors_info=&#8220;{}&#8220;][\/et_pb_wc_breadcrumb][et_pb_wc_cart_notice global_colors_info=&#8220;{}&#8220;][\/et_pb_wc_cart_notice][\/et_pb_column][\/et_pb_row][et_pb_row column_structure=&#8220;1_2,1_2&#8243; _builder_version=&#8220;3.25&#8243; background_size=&#8220;initial&#8220; background_position=&#8220;top_left&#8220; background_repeat=&#8220;repeat&#8220; width=&#8220;100%&#8220; custom_padding=&#8220;0px||||false|false&#8220; global_colors_info=&#8220;{}&#8220;][et_pb_column type=&#8220;1_2&#8243; _builder_version=&#8220;3.25&#8243; custom_padding=&#8220;|||&#8220; global_colors_info=&#8220;{}&#8220; custom_padding__hover=&#8220;|||&#8220;][et_pb_wc_images _builder_version=&#8220;3.0.47&#8243; global_colors_info=&#8220;{}&#8220;][\/et_pb_wc_images][\/et_pb_column][et_pb_column type=&#8220;1_2&#8243; _builder_version=&#8220;3.25&#8243; custom_padding=&#8220;|||&#8220; global_colors_info=&#8220;{}&#8220; custom_padding__hover=&#8220;|||&#8220;][et_pb_wc_title _builder_version=&#8220;4.14.7&#8243; header_font=&#8220;|800|||||||&#8220; custom_padding=&#8220;||14px|||&#8220; global_colors_info=&#8220;{}&#8220;][\/et_pb_wc_title][et_pb_wc_rating _builder_version=&#8220;3.0.47&#8243; global_colors_info=&#8220;{}&#8220;][\/et_pb_wc_rating][et_pb_wc_price _builder_version=&#8220;4.14.7&#8243; body_font=&#8220;|600|||||||&#8220; custom_padding=&#8220;||10px|||&#8220; global_colors_info=&#8220;{}&#8220;][\/et_pb_wc_price][et_pb_wc_description _builder_version=&#8220;3.0.47&#8243; hover_enabled=&#8220;0&#8243; global_colors_info=&#8220;{}&#8220; sticky_enabled=&#8220;0&#8243;][\/et_pb_wc_description][et_pb_wc_add_to_cart _builder_version=&#8220;4.14.7&#8243; dropdown_menus_custom_margin=&#8220;13px||||false|false&#8220; fields_font_size=&#8220;19px&#8220; width=&#8220;74%&#8220; global_colors_info=&#8220;{}&#8220;][\/et_pb_wc_add_to_cart][et_pb_wc_meta _builder_version=&#8220;3.0.47&#8243; global_colors_info=&#8220;{}&#8220;][\/et_pb_wc_meta][\/et_pb_column][\/et_pb_row][et_pb_row _builder_version=&#8220;3.25&#8243; background_size=&#8220;initial&#8220; background_position=&#8220;top_left&#8220; background_repeat=&#8220;repeat&#8220; width=&#8220;100%&#8220; global_colors_info=&#8220;{}&#8220;][et_pb_column type=&#8220;4_4&#8243; _builder_version=&#8220;3.25&#8243; custom_padding=&#8220;|||&#8220; global_colors_info=&#8220;{}&#8220; custom_padding__hover=&#8220;|||&#8220;][et_pb_wc_tabs _builder_version=&#8220;3.0.47&#8243; global_colors_info=&#8220;{}&#8220;]\t\t\t\t\t[\/et_pb_wc_tabs][et_pb_wc_upsells _builder_version=&#8220;3.0.47&#8243; global_colors_info=&#8220;{}&#8220;][\/et_pb_wc_upsells][et_pb_wc_related_products posts_number=&#8220;4&#8243; columns_number=&#8220;4&#8243; include_categories=&#8220;all&#8220; _builder_version=&#8220;4.14.7&#8243; title_font=&#8220;|600|||||||&#8220; title_text_color=&#8220;#032e54&#8243; title_font_size=&#8220;32px&#8220; product_title_font=&#8220;|700|||||||&#8220; price_font=&#8220;|700|||||||&#8220; price_text_color=&#8220;#3874FF&#8220; price_font_size=&#8220;19px&#8220; title_text_shadow_style=&#8220;preset1&#8243; border_radii_image=&#8220;on|17px|17px|17px|17px&#8220; box_shadow_style_image=&#8220;preset1&#8243; box_shadow_spread_image=&#8220;-8px&#8220; global_colors_info=&#8220;{}&#8220;][\/et_pb_wc_related_products][\/et_pb_column][\/et_pb_row][\/et_pb_section]<\/p>\n","protected":false},"excerpt":{"rendered":"<h3>Filtr 3\/4&#8243; s\u00edtkov\u00fd 130 micron\u016f<\/h3>\n<ul class=\"\">\n<li class=\"\">Jednoduch\u00e1 instalace, vysok\u00fd pr\u016ftok.<\/li>\n<li class=\"\">Maxim\u00e1ln\u00ed filtra\u010dn\u00ed plocha diskov\u00e9ho filtru sni\u017euje frekvenci \u010di\u0161t\u011bn\u00ed. Filtr lze jednodu\u0161e vyjmout, uvolnit jednotliv\u00e9 lamely a om\u00fdt.<\/li>\n<li class=\"\">P\u0159i \u010di\u0161t\u011bn\u00ed a manipulaci nen\u00ed t\u0159eba \u017e\u00e1dn\u00e9 n\u00e1\u0159ad\u00ed<\/li>\n<li class=\"\">Zachycen\u00ed jemn\u00fdch mechanick\u00fdch ne\u010distot obsa\u017een\u00fdch ve zdroji vody pro z\u00e1vlahov\u00fd syst\u00e9m.<\/li>\n<li class=\"\">Obvykl\u00e9 pou\u017eit\u00ed filtr\u016f DSF je u syst\u00e9m\u016f s \u010derpadly, napojen\u00fdch na studnu nebo de\u0161\u0165ovou j\u00edmku.<\/li>\n<li class=\"\">Filtr nen\u00ed vhodn\u00fd pro domovn\u00ed rozvody pitn\u00e9 vody a tak\u00e9 nen\u00ed ur\u010den pro instalaci do interi\u00e9ru.<\/li>\n<li class=\"\">Doporu\u010den\u00fd provozn\u00ed tlak 2,5 &#8211; 4,5 bar, max. provozn\u00ed tlak 6 bar.<\/li>\n<li class=\"\">Max. pr\u016ftok filtrem je 5,0 m3\/h.<\/li>\n<li class=\"\">P\u0159ipojovac\u00ed z\u00e1vity vn\u011bj\u0161\u00ed 3\/4&#8243;.<\/li>\n<li class=\"\">Filtr je v\u010detn\u011b filtra\u010dn\u00ed vlo\u017eky.<\/li>\n<\/ul>\n","protected":false},"featured_media":1327,"comment_status":"closed","ping_status":"closed","template":"","meta":[],"product_cat":[28],"product_tag":[],"class_list":{"0":"post-1300","1":"product","2":"type-product","3":"status-publish","4":"has-post-thumbnail","6":"product_cat-komponenty","8":"first","9":"instock","10":"featured","11":"shipping-taxable","12":"purchasable","13":"product-type-simple"},"_links":{"self":[{"href":"https:\/\/nowebhere.com\/index.php?rest_route=\/wp\/v2\/product\/1300","targetHints":{"allow":["GET"]}}],"collection":[{"href":"https:\/\/nowebhere.com\/index.php?rest_route=\/wp\/v2\/product"}],"about":[{"href":"https:\/\/nowebhere.com\/index.php?rest_route=\/wp\/v2\/types\/product"}],"replies":[{"embeddable":true,"href":"https:\/\/nowebhere.com\/index.php?rest_route=%2Fwp%2Fv2%2Fcomments&post=1300"}],"wp:featuredmedia":[{"embeddable":true,"href":"https:\/\/nowebhere.com\/index.php?rest_route=\/wp\/v2\/media\/1327"}],"wp:attachment":[{"href":"https:\/\/nowebhere.com\/index.php?rest_route=%2Fwp%2Fv2%2Fmedia&parent=1300"}],"wp:term":[{"taxonomy":"product_cat","embeddable":true,"href":"https:\/\/nowebhere.com\/index.php?rest_route=%2Fwp%2Fv2%2Fproduct_cat&post=1300"},{"taxonomy":"product_tag","embeddable":true,"href":"https:\/\/nowebhere.com\/index.php?rest_route=%2Fwp%2Fv2%2Fproduct_tag&post=1300"}],"curies":[{"name":"wp","href":"https:\/\/api.w.org\/{rel}","templated":true}]}}