{"id":1665,"date":"2023-07-30T22:18:26","date_gmt":"2023-07-30T20:18:26","guid":{"rendered":"https:\/\/nowebhere.com\/?page_id=1665"},"modified":"2024-02-08T11:43:05","modified_gmt":"2024-02-08T10:43:05","slug":"o-nas","status":"publish","type":"page","link":"https:\/\/nowebhere.com\/?page_id=1665","title":{"rendered":""},"content":{"rendered":"\n<p><\/p>\n\n\n\n<div class=\"wp-block-columns is-layout-flex wp-container-core-columns-is-layout-28f84493 wp-block-columns-is-layout-flex\">\n<div class=\"wp-block-column is-layout-flow wp-block-column-is-layout-flow\" style=\"flex-basis:10%\"><\/div>\n\n\n\n<div class=\"wp-block-column ukapovka-margin-bottom element-to-move-front has-base-background-color has-background is-layout-flow wp-block-column-is-layout-flow\" style=\"flex-basis:70%\">\n<h2 class=\"wp-block-heading ukapovka-margin-bottom gramatika-bold has-text-color has-link-color wp-elements-cdb5560118ecaaa2577fe939f4b2920a\" style=\"color:#192947;padding-right:var(--wp--preset--spacing--30);padding-left:var(--wp--preset--spacing--30)\"><strong>O n\u00e1s<\/strong><\/h2>\n<\/div>\n\n\n\n<div class=\"wp-block-column is-layout-flow wp-block-column-is-layout-flow\" style=\"flex-basis:20%\"><\/div>\n<\/div>\n\n\n\n<div class=\"wp-block-columns is-layout-flex wp-container-core-columns-is-layout-28f84493 wp-block-columns-is-layout-flex\">\n<div class=\"wp-block-column is-layout-flow wp-block-column-is-layout-flow\" style=\"flex-basis:10%\"><\/div>\n\n\n\n<div class=\"wp-block-column has-background is-layout-flow wp-block-column-is-layout-flow\" style=\"background-color:#8fc5cd;flex-basis:70%\">\n<div class=\"wp-block-columns ukapovka-min-height-100 is-layout-flex wp-container-core-columns-is-layout-28f84493 wp-block-columns-is-layout-flex\">\n<div class=\"wp-block-column ukapovka-min-height-25 is-layout-flow wp-block-column-is-layout-flow\"><\/div>\n<\/div>\n\n\n\n<div class=\"wp-block-columns is-layout-flex wp-container-core-columns-is-layout-28f84493 wp-block-columns-is-layout-flex\">\n<div class=\"wp-block-column ukapovka-min-height-25 is-layout-flow wp-block-column-is-layout-flow\">\n<p class=\"gramatika\" style=\"padding-right:var(--wp--preset--spacing--30);padding-left:var(--wp--preset--spacing--30)\"><strong>Firma Filament ID s.r.o. \u00a0vznikla v roce 2018.<\/strong><\/p>\n<\/div>\n<\/div>\n\n\n\n<div class=\"wp-block-columns is-layout-flex wp-container-core-columns-is-layout-28f84493 wp-block-columns-is-layout-flex\">\n<div class=\"wp-block-column ukapovka-min-height-25 is-layout-flow wp-block-column-is-layout-flow\"><\/div>\n<\/div>\n\n\n\n<div class=\"wp-block-columns is-layout-flex wp-container-core-columns-is-layout-28f84493 wp-block-columns-is-layout-flex\">\n<div class=\"wp-block-column ukapovka-min-height-25 is-layout-flow wp-block-column-is-layout-flow\">\n<p class=\"gramatika\" style=\"padding-right:var(--wp--preset--spacing--30);padding-left:var(--wp--preset--spacing--30)\"><strong>Na\u0161\u00edm hlavn\u00edm \u00fakolem je prod\u00e1vat kvalitn\u00ed v\u00fdrobky s p\u0159idanou hodnotou, razit ekologickou cestu produkt\u016f a zapojovat se tak do cirkul\u00e1rn\u00ed ekonomiky.<\/strong><\/p>\n<\/div>\n<\/div>\n\n\n\n<div class=\"wp-block-columns is-layout-flex wp-container-core-columns-is-layout-28f84493 wp-block-columns-is-layout-flex\">\n<div class=\"wp-block-column ukapovka-min-height-25 is-layout-flow wp-block-column-is-layout-flow\"><\/div>\n<\/div>\n\n\n\n<div class=\"wp-block-columns is-layout-flex wp-container-core-columns-is-layout-28f84493 wp-block-columns-is-layout-flex\">\n<div class=\"wp-block-column ukapovka-min-height-25 is-layout-flow wp-block-column-is-layout-flow\">\n<p class=\"gramatika\" style=\"padding-right:var(--wp--preset--spacing--30);padding-left:var(--wp--preset--spacing--30)\"><strong>Spole\u010dnost Filament ID s.r.o. je prvn\u00edm \u010desk\u00fdm lok\u00e1ln\u00edm v\u00fdrobcem kapkov\u00e9 z\u00e1vlahy. Ve firm\u011b se star\u00e1me jak o distribuci produktu, tak z\u00e1rove\u0148 o v\u00fdrobu a n\u00e1kup materi\u00e1lu, ale i o provoz v\u00fdrobn\u00ed linky. Materi\u00e1l pro v\u00fdrobu kapkov\u00e9 z\u00e1vlahy odeb\u00edr\u00e1me pouze od jednoho dodavatele, kter\u00fd m\u00e1 dlouholet\u00e9 zku\u0161enosti na trhu s plasty, ale i s recyklac\u00ed. D\u00edky v\u00fdhradn\u00ed spolupr\u00e1ci jsme schopni udr\u017eet vysokou kvalitu vstupn\u00edho materi\u00e1lu pro v\u00fdrobu zavla\u017eovac\u00edch hadic.<\/strong><\/p>\n<\/div>\n<\/div>\n\n\n\n<div class=\"wp-block-columns is-layout-flex wp-container-core-columns-is-layout-28f84493 wp-block-columns-is-layout-flex\">\n<div class=\"wp-block-column ukapovka-min-height-25 is-layout-flow wp-block-column-is-layout-flow\"><\/div>\n<\/div>\n\n\n\n<div class=\"wp-block-columns is-layout-flex wp-container-core-columns-is-layout-28f84493 wp-block-columns-is-layout-flex\">\n<div class=\"wp-block-column ukapovka-min-height-25 is-layout-flow wp-block-column-is-layout-flow\"><\/div>\n<\/div>\n\n\n\n<div class=\"wp-block-columns is-layout-flex wp-container-core-columns-is-layout-28f84493 wp-block-columns-is-layout-flex\">\n<div class=\"wp-block-column ukapovka-min-height-25 is-layout-flow wp-block-column-is-layout-flow\"><\/div>\n<\/div>\n\n\n\n<div class=\"wp-block-columns is-layout-flex wp-container-core-columns-is-layout-28f84493 wp-block-columns-is-layout-flex\">\n<div class=\"wp-block-column has-base-background-color has-background is-layout-flow wp-block-column-is-layout-flow\">\n<figure class=\"wp-block-image alignleft size-full\"><img loading=\"lazy\" decoding=\"async\" width=\"51\" height=\"72\" src=\"http:\/\/nowebhere.com\/wp-content\/uploads\/2023\/09\/Group-5.png\" alt=\"\" class=\"wp-image-1909\"\/><\/figure>\n<\/div>\n<\/div>\n<\/div>\n\n\n\n<div class=\"wp-block-column is-layout-flow wp-block-column-is-layout-flow\" style=\"flex-basis:20%\"><\/div>\n<\/div>\n","protected":false},"excerpt":{"rendered":"<p>O n\u00e1s Firma Filament ID s.r.o. \u00a0vznikla v roce 2018. Na\u0161\u00edm hlavn\u00edm \u00fakolem je prod\u00e1vat kvalitn\u00ed v\u00fdrobky s p\u0159idanou hodnotou, razit ekologickou cestu produkt\u016f a zapojovat se tak do cirkul\u00e1rn\u00ed ekonomiky. Spole\u010dnost Filament ID s.r.o. je prvn\u00edm \u010desk\u00fdm lok\u00e1ln\u00edm v\u00fdrobcem kapkov\u00e9 z\u00e1vlahy. Ve firm\u011b se star\u00e1me jak o distribuci produktu, tak z\u00e1rove\u0148 o v\u00fdrobu a [&hellip;]<\/p>\n","protected":false},"author":1,"featured_media":0,"parent":0,"menu_order":0,"comment_status":"closed","ping_status":"closed","template":"","meta":{"footnotes":""},"class_list":["post-1665","page","type-page","status-publish","hentry"],"_links":{"self":[{"href":"https:\/\/nowebhere.com\/index.php?rest_route=\/wp\/v2\/pages\/1665","targetHints":{"allow":["GET"]}}],"collection":[{"href":"https:\/\/nowebhere.com\/index.php?rest_route=\/wp\/v2\/pages"}],"about":[{"href":"https:\/\/nowebhere.com\/index.php?rest_route=\/wp\/v2\/types\/page"}],"author":[{"embeddable":true,"href":"https:\/\/nowebhere.com\/index.php?rest_route=\/wp\/v2\/users\/1"}],"replies":[{"embeddable":true,"href":"https:\/\/nowebhere.com\/index.php?rest_route=%2Fwp%2Fv2%2Fcomments&post=1665"}],"version-history":[{"count":22,"href":"https:\/\/nowebhere.com\/index.php?rest_route=\/wp\/v2\/pages\/1665\/revisions"}],"predecessor-version":[{"id":3121,"href":"https:\/\/nowebhere.com\/index.php?rest_route=\/wp\/v2\/pages\/1665\/revisions\/3121"}],"wp:attachment":[{"href":"https:\/\/nowebhere.com\/index.php?rest_route=%2Fwp%2Fv2%2Fmedia&parent=1665"}],"curies":[{"name":"wp","href":"https:\/\/api.w.org\/{rel}","templated":true}]}}